{"id":7,"date":"2010-12-13T12:17:36","date_gmt":"2010-12-13T11:17:36","guid":{"rendered":"http:\/\/s213796203.online.de\/wordpress_schuetzen\/?page_id=7"},"modified":"2026-03-06T13:22:30","modified_gmt":"2026-03-06T12:22:30","slug":"chronik","status":"publish","type":"page","link":"https:\/\/schuetzen-derichsweiler.de\/?page_id=7","title":{"rendered":"W\u00fcrdentr\u00e4ger"},"content":{"rendered":"<p>&nbsp;<\/p>\n<p>&nbsp;<\/p>\n<table style=\"height: 4842px;\" width=\"506\">\n<tbody>\n<tr>\n<td width=\"35\">Jahr<\/td>\n<td width=\"189\">Sch\u00fctzenk\u00f6nig<\/td>\n<td width=\"158\">Sch\u00fctzenprinz<\/td>\n<td width=\"123\">Sch\u00fclerprinz<\/td>\n<\/tr>\n<tr>\n<td>1819<\/td>\n<td>Wilhelm Stappen<\/td>\n<td>&#8211;<\/td>\n<td>&#8211;<\/td>\n<\/tr>\n<tr>\n<td>1824<\/td>\n<td>Johann Adam Torsong<\/td>\n<td>&#8211;<\/td>\n<td>&#8211;<\/td>\n<\/tr>\n<tr>\n<td>1827<\/td>\n<td>Johann Wilhelm Stappen<\/td>\n<td>&#8211;<\/td>\n<td>&#8211;<\/td>\n<\/tr>\n<tr>\n<td>1828<\/td>\n<td>Hermann Josef Hammer<\/td>\n<td>&#8211;<\/td>\n<td>&#8211;<\/td>\n<\/tr>\n<tr>\n<td>1835<\/td>\n<td>Franz Josef Kruth<\/td>\n<td>&#8211;<\/td>\n<td>&#8211;<\/td>\n<\/tr>\n<tr>\n<td>1838<\/td>\n<td>Augustin Horr<\/td>\n<td>&#8211;<\/td>\n<td>&#8211;<\/td>\n<\/tr>\n<tr>\n<td>1842<\/td>\n<td>Arnold Stappen<\/td>\n<td>&#8211;<\/td>\n<td>&#8211;<\/td>\n<\/tr>\n<tr>\n<td>1843<\/td>\n<td>Martin Prinz<\/td>\n<td>&#8211;<\/td>\n<td>&#8211;<\/td>\n<\/tr>\n<tr>\n<td>1849<\/td>\n<td>Johann Kayser<\/td>\n<td>&#8211;<\/td>\n<td>&#8211;<\/td>\n<\/tr>\n<tr>\n<td>1852<\/td>\n<td>Johann Josef K\u00f6nig<\/td>\n<td>&#8211;<\/td>\n<td>&#8211;<\/td>\n<\/tr>\n<tr>\n<td>1853<\/td>\n<td>Heinrich Vaa\u00dfen<\/td>\n<td>&#8211;<\/td>\n<td>&#8211;<\/td>\n<\/tr>\n<tr>\n<td>1855<\/td>\n<td>Friedrich Rehfisch<\/td>\n<td>&#8211;<\/td>\n<td>&#8211;<\/td>\n<\/tr>\n<tr>\n<td>1856<\/td>\n<td>Hubert Heis<\/td>\n<td>&#8211;<\/td>\n<td>&#8211;<\/td>\n<\/tr>\n<tr>\n<td>1857<\/td>\n<td>Christian Josef Bergerhausen<\/td>\n<td>&#8211;<\/td>\n<td>&#8211;<\/td>\n<\/tr>\n<tr>\n<td>1861<\/td>\n<td>Johann Adam Nievelstein<\/td>\n<td>&#8211;<\/td>\n<td>&#8211;<\/td>\n<\/tr>\n<tr>\n<td>1862<\/td>\n<td>A. Josef Lich<\/td>\n<td>&#8211;<\/td>\n<td>&#8211;<\/td>\n<\/tr>\n<tr>\n<td>1864<\/td>\n<td>Martin Josef Faust<\/td>\n<td>&#8211;<\/td>\n<td>&#8211;<\/td>\n<\/tr>\n<tr>\n<td>1865<\/td>\n<td>Heinrich T\u00f6nnes<\/td>\n<td>&#8211;<\/td>\n<td>&#8211;<\/td>\n<\/tr>\n<tr>\n<td>1867<\/td>\n<td>A. Josef Stappen<\/td>\n<td>&#8211;<\/td>\n<td>&#8211;<\/td>\n<\/tr>\n<tr>\n<td>1868<\/td>\n<td>Peter Josef Sparbrod<\/td>\n<td>&#8211;<\/td>\n<td>&#8211;<\/td>\n<\/tr>\n<tr>\n<td>1869<\/td>\n<td>Peter Josef Faust<\/td>\n<td>&#8211;<\/td>\n<td>&#8211;<\/td>\n<\/tr>\n<tr>\n<td>1870<\/td>\n<td>Gerhard Krischer<\/td>\n<td>&#8211;<\/td>\n<td>&#8211;<\/td>\n<\/tr>\n<tr>\n<td>1876<\/td>\n<td>Wilhelm Sch\u00fcller<\/td>\n<td>&#8211;<\/td>\n<td>&#8211;<\/td>\n<\/tr>\n<tr>\n<td>1877<\/td>\n<td>Peter Cla\u00dfen<\/td>\n<td>&#8211;<\/td>\n<td>&#8211;<\/td>\n<\/tr>\n<tr>\n<td>1878<\/td>\n<td>Wilhelm Josef Prumbach<\/td>\n<td>&#8211;<\/td>\n<td>&#8211;<\/td>\n<\/tr>\n<tr>\n<td>1879<\/td>\n<td>Jakob Wickeler<\/td>\n<td>&#8211;<\/td>\n<td>&#8211;<\/td>\n<\/tr>\n<tr>\n<td>1881<\/td>\n<td>Johann Dahmen<\/td>\n<td>&#8211;<\/td>\n<td>&#8211;<\/td>\n<\/tr>\n<tr>\n<td>1882<\/td>\n<td>Jakob Kruth sen.<\/td>\n<td>&#8211;<\/td>\n<td>&#8211;<\/td>\n<\/tr>\n<tr>\n<td>1883<\/td>\n<td>Johann Lothmann<\/td>\n<td>&#8211;<\/td>\n<td>&#8211;<\/td>\n<\/tr>\n<tr>\n<td>1885<\/td>\n<td>Jakob Stollenwerk<\/td>\n<td>&#8211;<\/td>\n<td>&#8211;<\/td>\n<\/tr>\n<tr>\n<td>1886<\/td>\n<td>Werner Gentgen<\/td>\n<td>&#8211;<\/td>\n<td>&#8211;<\/td>\n<\/tr>\n<tr>\n<td>1888<\/td>\n<td>Jacob Kraus<\/td>\n<td>&#8211;<\/td>\n<td>&#8211;<\/td>\n<\/tr>\n<tr>\n<td>1889<\/td>\n<td>Peter Heindrichs<\/td>\n<td>&#8211;<\/td>\n<td>&#8211;<\/td>\n<\/tr>\n<tr>\n<td>1891<\/td>\n<td>Josef Ermes<\/td>\n<td>&#8211;<\/td>\n<td>&#8211;<\/td>\n<\/tr>\n<tr>\n<td>1892<\/td>\n<td>Heinrich Voigt<\/td>\n<td>&#8211;<\/td>\n<td>&#8211;<\/td>\n<\/tr>\n<tr>\n<td>1894<\/td>\n<td>Jakob Voihs<\/td>\n<td>&#8211;<\/td>\n<td>&#8211;<\/td>\n<\/tr>\n<tr>\n<td>1897<\/td>\n<td>Wilhelm Kapell<\/td>\n<td>&#8211;<\/td>\n<td>&#8211;<\/td>\n<\/tr>\n<tr>\n<td>1898<\/td>\n<td>Josef Maletz<\/td>\n<td>&#8211;<\/td>\n<td>&#8211;<\/td>\n<\/tr>\n<tr>\n<td>1899<\/td>\n<td>Wilhelm Nievelstein<\/td>\n<td>&#8211;<\/td>\n<td>&#8211;<\/td>\n<\/tr>\n<tr>\n<td>1900<\/td>\n<td>Jakob Kruth<\/td>\n<td>&#8211;<\/td>\n<td>&#8211;<\/td>\n<\/tr>\n<tr>\n<td>1901<\/td>\n<td>Hubert Fa\u00dfbender<\/td>\n<td>&#8211;<\/td>\n<td>&#8211;<\/td>\n<\/tr>\n<tr>\n<td>1902<\/td>\n<td>Arnold Br\u00fcckmann<\/td>\n<td>&#8211;<\/td>\n<td>&#8211;<\/td>\n<\/tr>\n<tr>\n<td>1903<\/td>\n<td>Johann B\u00fcrger<\/td>\n<td>&#8211;<\/td>\n<td>&#8211;<\/td>\n<\/tr>\n<tr>\n<td>1904<\/td>\n<td>Heinrich Becker<\/td>\n<td>&#8211;<\/td>\n<td>&#8211;<\/td>\n<\/tr>\n<tr>\n<td>1905<\/td>\n<td>Josef Meisen<\/td>\n<td>&#8211;<\/td>\n<td>&#8211;<\/td>\n<\/tr>\n<tr>\n<td>1906<\/td>\n<td>Peter Nievelstein<\/td>\n<td>&#8211;<\/td>\n<td>&#8211;<\/td>\n<\/tr>\n<tr>\n<td>1907<\/td>\n<td>Michael Meisen<\/td>\n<td>&#8211;<\/td>\n<td>&#8211;<\/td>\n<\/tr>\n<tr>\n<td>1908<\/td>\n<td>Peter Paul T\u00f6nnes<\/td>\n<td>&#8211;<\/td>\n<td>&#8211;<\/td>\n<\/tr>\n<tr>\n<td>1909<\/td>\n<td>Johann Uerlings<\/td>\n<td>&#8211;<\/td>\n<td>&#8211;<\/td>\n<\/tr>\n<tr>\n<td>1910<\/td>\n<td>Johann C\u00fcrsgen<\/td>\n<td>&#8211;<\/td>\n<td>&#8211;<\/td>\n<\/tr>\n<tr>\n<td>1911<\/td>\n<td>Leonard Neuss<\/td>\n<td>&#8211;<\/td>\n<td>&#8211;<\/td>\n<\/tr>\n<tr>\n<td>1912<\/td>\n<td>Martin Fink<\/td>\n<td>&#8211;<\/td>\n<td>&#8211;<\/td>\n<\/tr>\n<tr>\n<td>1913<\/td>\n<td>Josef Maletz<\/td>\n<td>&#8211;<\/td>\n<td>&#8211;<\/td>\n<\/tr>\n<tr>\n<td>1914<\/td>\n<td>Jakob \u00dcrlings<\/td>\n<td>&#8211;<\/td>\n<td>&#8211;<\/td>\n<\/tr>\n<tr>\n<td>1919<\/td>\n<td>Johann M\u00fctter<\/td>\n<td>&#8211;<\/td>\n<td>&#8211;<\/td>\n<\/tr>\n<tr>\n<td>1920<\/td>\n<td>Josef Clahsen<\/td>\n<td>&#8211;<\/td>\n<td>&#8211;<\/td>\n<\/tr>\n<tr>\n<td>1921<\/td>\n<td>Johann Voihs<\/td>\n<td>&#8211;<\/td>\n<td>&#8211;<\/td>\n<\/tr>\n<tr>\n<td>1922<\/td>\n<td>Theo Wilden<\/td>\n<td>&#8211;<\/td>\n<td>&#8211;<\/td>\n<\/tr>\n<tr>\n<td>1923<\/td>\n<td>Johann Kruth<\/td>\n<td>&#8211;<\/td>\n<td>&#8211;<\/td>\n<\/tr>\n<tr>\n<td>1924<\/td>\n<td>Josef Sch\u00fcller-Adjutant<\/td>\n<td>&#8211;<\/td>\n<td>&#8211;<\/td>\n<\/tr>\n<tr>\n<td>1925<\/td>\n<td>Peter Nepomuck<\/td>\n<td>&#8211;<\/td>\n<td>&#8211;<\/td>\n<\/tr>\n<tr>\n<td>1926<\/td>\n<td>Andreas Esser<\/td>\n<td>&#8211;<\/td>\n<td>&#8211;<\/td>\n<\/tr>\n<tr>\n<td>1927<\/td>\n<td>Peter Prumbach-Oberst<\/td>\n<td>&#8211;<\/td>\n<td>&#8211;<\/td>\n<\/tr>\n<tr>\n<td>1928<\/td>\n<td>Franz Abels<\/td>\n<td>&#8211;<\/td>\n<td>&#8211;<\/td>\n<\/tr>\n<tr>\n<td>1929<\/td>\n<td>Christian Velden<\/td>\n<td>&#8211;<\/td>\n<td>&#8211;<\/td>\n<\/tr>\n<tr>\n<td>1930<\/td>\n<td>Johann Krumbach<\/td>\n<td>&#8211;<\/td>\n<td>&#8211;<\/td>\n<\/tr>\n<tr>\n<td>1931<\/td>\n<td>Johann C\u00fcrsgen<\/td>\n<td>&#8211;<\/td>\n<td>&#8211;<\/td>\n<\/tr>\n<tr>\n<td>1932<\/td>\n<td>Karl Bongard<\/td>\n<td>&#8211;<\/td>\n<td>&#8211;<\/td>\n<\/tr>\n<tr>\n<td>1933<\/td>\n<td>Hans Oberhausen<\/td>\n<td>&#8211;<\/td>\n<td>&#8211;<\/td>\n<\/tr>\n<tr>\n<td>1934<\/td>\n<td>Eduard Knobloch<\/td>\n<td>&#8211;<\/td>\n<td>&#8211;<\/td>\n<\/tr>\n<tr>\n<td>1935<\/td>\n<td>Heinrich Maletz<\/td>\n<td>&#8211;<\/td>\n<td>&#8211;<\/td>\n<\/tr>\n<tr>\n<td>1936<\/td>\n<td>Johann Breuer<\/td>\n<td>&#8211;<\/td>\n<td>&#8211;<\/td>\n<\/tr>\n<tr>\n<td>1937<\/td>\n<td>Heinrich Reitz<\/td>\n<td>&#8211;<\/td>\n<td>&#8211;<\/td>\n<\/tr>\n<tr>\n<td>1938<\/td>\n<td>Heinrich Treuling<\/td>\n<td>&#8211;<\/td>\n<td>&#8211;<\/td>\n<\/tr>\n<tr>\n<td>1948<\/td>\n<td>Josef Pohl<\/td>\n<td>&#8211;<\/td>\n<td>&#8211;<\/td>\n<\/tr>\n<tr>\n<td>1949<\/td>\n<td>Karl Heinz Kla\u00dfen<\/td>\n<td>&#8211;<\/td>\n<td>&#8211;<\/td>\n<\/tr>\n<tr>\n<td>1950<\/td>\n<td>Wilhelm Meisen<\/td>\n<td>&#8211;<\/td>\n<td>&#8211;<\/td>\n<\/tr>\n<tr>\n<td>1951<\/td>\n<td>Edi Knobloch<\/td>\n<td>Matthias Meisen<\/td>\n<td>&#8211;<\/td>\n<\/tr>\n<tr>\n<td>1952<\/td>\n<td>Gottfried Hamacher<\/td>\n<td>Hans K\u00f6rver<\/td>\n<td>&#8211;<\/td>\n<\/tr>\n<tr>\n<td>1953<\/td>\n<td>Johann Kelleter<\/td>\n<td>Johann Quast<\/td>\n<td>&#8211;<\/td>\n<\/tr>\n<tr>\n<td>1954<\/td>\n<td>Friedrich C\u00fcrsgen<\/td>\n<td>Franz Reitz<\/td>\n<td>&#8211;<\/td>\n<\/tr>\n<tr>\n<td>1955<\/td>\n<td>Wilhelm Koch<\/td>\n<td>Heinz C\u00fcrsgen<\/td>\n<td>&#8211;<\/td>\n<\/tr>\n<tr>\n<td>1956<\/td>\n<td>Hermann Geuenich<\/td>\n<td>Matthias C\u00fcrsgen<\/td>\n<td>&#8211;<\/td>\n<\/tr>\n<tr>\n<td>1957<\/td>\n<td>Peter Pley jr.<\/td>\n<td>Willi Quast<\/td>\n<td>&#8211;<\/td>\n<\/tr>\n<tr>\n<td>1958<\/td>\n<td>Peter Schmitz<\/td>\n<td>Matthias C\u00fcrsgen<\/td>\n<td>&#8211;<\/td>\n<\/tr>\n<tr>\n<td>1959<\/td>\n<td>Heinz C\u00fcrsgen<\/td>\n<td>Matthias Schmitz<\/td>\n<td>&#8211;<\/td>\n<\/tr>\n<tr>\n<td>1960<\/td>\n<td>Heinrich Papst<\/td>\n<td>Willi Quast<\/td>\n<td>&#8211;<\/td>\n<\/tr>\n<tr>\n<td>1961<\/td>\n<td>Mathias Kronen<\/td>\n<td>Heinrich Schmitz<\/td>\n<td>&#8211;<\/td>\n<\/tr>\n<tr>\n<td>1962<\/td>\n<td>Kaspar Nork<\/td>\n<td>Josef Ebert<\/td>\n<td>&#8211;<\/td>\n<\/tr>\n<tr>\n<td>1963<\/td>\n<td>Willi P\u00fctz<\/td>\n<td>Siegmund Merken<\/td>\n<td>&#8211;<\/td>\n<\/tr>\n<tr>\n<td>1964<\/td>\n<td>Bernhard Schmitz<\/td>\n<td>Leo Gohr<\/td>\n<td>&#8211;<\/td>\n<\/tr>\n<tr>\n<td>1965<\/td>\n<td>Peter Reinartz<\/td>\n<td>Jakob Kla\u00dfen<\/td>\n<td>&#8211;<\/td>\n<\/tr>\n<tr>\n<td>1966<\/td>\n<td>Josef Engelskirchen<\/td>\n<td>Willi Neffgen<\/td>\n<td>&#8211;<\/td>\n<\/tr>\n<tr>\n<td>1967<\/td>\n<td>Josef Gro\u00df<\/td>\n<td>Wolfgang Pley<\/td>\n<td>&#8211;<\/td>\n<\/tr>\n<tr>\n<td>1968<\/td>\n<td>Jakob Sanfleber<\/td>\n<td>Bruno Krysiak<\/td>\n<td>&#8211;<\/td>\n<\/tr>\n<tr>\n<td>1969<\/td>\n<td>Stanislaus Krysiak<\/td>\n<td>Wolfgang Pley<\/td>\n<td>&#8211;<\/td>\n<\/tr>\n<tr>\n<td>1970<\/td>\n<td>Josef Vogelsberg<\/td>\n<td>Heinz-Josef Meisenberg<\/td>\n<td>&#8211;<\/td>\n<\/tr>\n<tr>\n<td>1971<\/td>\n<td>Anton Koch<\/td>\n<td>Josef Schumacher<\/td>\n<td>&#8211;<\/td>\n<\/tr>\n<tr>\n<td>1972<\/td>\n<td>Peter Pohl<\/td>\n<td>Hans-G\u00fcnther Mecke<\/td>\n<td>&#8211;<\/td>\n<\/tr>\n<tr>\n<td>1973<\/td>\n<td>Engelbert Quast<\/td>\n<td>Willi Becker<\/td>\n<td>&#8211;<\/td>\n<\/tr>\n<tr>\n<td>1974<\/td>\n<td>Fritz M\u00fcnchow<\/td>\n<td>Friedel Hamacher<\/td>\n<td>&#8211;<\/td>\n<\/tr>\n<tr>\n<td>1975<\/td>\n<td>Helmut Cla\u00dfen<\/td>\n<td>Willi Koch<\/td>\n<td>&#8211;<\/td>\n<\/tr>\n<tr>\n<td>1976<\/td>\n<td>Richard Neffgen<\/td>\n<td>Ralf Schmidt<\/td>\n<td>&#8211;<\/td>\n<\/tr>\n<tr>\n<td>1977<\/td>\n<td>Peter Pley<\/td>\n<td>Andreas Esser<\/td>\n<td>&#8211;<\/td>\n<\/tr>\n<tr>\n<td>1978<\/td>\n<td>Wolfgang Pley<\/td>\n<td>Friedel Hamacher<\/td>\n<td>&#8211;<\/td>\n<\/tr>\n<tr>\n<td>1979<\/td>\n<td>Jakob Kla\u00dfen<\/td>\n<td>Reinhold Neu\u00df<\/td>\n<td>&#8211;<\/td>\n<\/tr>\n<tr>\n<td>1980<\/td>\n<td>Otto Kieven<\/td>\n<td>F.-Josef Schwarzenberg<\/td>\n<td>&#8211;<\/td>\n<\/tr>\n<tr>\n<td>1981<\/td>\n<td>Willi Meisen<\/td>\n<td>Reinhold Esser<\/td>\n<td>&#8211;<\/td>\n<\/tr>\n<tr>\n<td>1982<\/td>\n<td>Hermann Hilgers<\/td>\n<td>Harald Hilgers<\/td>\n<td>&#8211;<\/td>\n<\/tr>\n<tr>\n<td>1983<\/td>\n<td>Wilfried Schulte<\/td>\n<td>Horst M\u00fcller<\/td>\n<td>&#8211;<\/td>\n<\/tr>\n<tr>\n<td>1984<\/td>\n<td>Willi Becker<\/td>\n<td>Markus Schulte<\/td>\n<td>&#8211;<\/td>\n<\/tr>\n<tr>\n<td>1985<\/td>\n<td>Friedel Hamacher<\/td>\n<td>Roland Kulig<\/td>\n<td>&#8211;<\/td>\n<\/tr>\n<tr>\n<td>1986<\/td>\n<td>Heinz Peter Knobloch<\/td>\n<td>Raimund Cla\u00dfen<\/td>\n<td>&#8211;<\/td>\n<\/tr>\n<tr>\n<td>1987<\/td>\n<td>Peter Tonner<\/td>\n<td>Stefan Krefeld<\/td>\n<td>&#8211;<\/td>\n<\/tr>\n<tr>\n<td>1988<\/td>\n<td>Siegmund Merken<\/td>\n<td>Guido Krumbach<\/td>\n<td>&#8211;<\/td>\n<\/tr>\n<tr>\n<td>1989<\/td>\n<td>Willi Kuckartz jun.<\/td>\n<td>Elmar Mays<\/td>\n<td>&#8211;<\/td>\n<\/tr>\n<tr>\n<td>1990<\/td>\n<td>Roland Kulig<\/td>\n<td>Lothar M\u00fcnchow<\/td>\n<td>&#8211;<\/td>\n<\/tr>\n<tr>\n<td>1991<\/td>\n<td>Willi Koch<\/td>\n<td>Thomas Schumacher<\/td>\n<td>&#8211;<\/td>\n<\/tr>\n<tr>\n<td>1992<\/td>\n<td>Wilfried Thelen<\/td>\n<td>Hubert Troistorf<\/td>\n<td>Paul Krull jr.<\/td>\n<\/tr>\n<tr>\n<td>1993<\/td>\n<td>Heinz Breuer<\/td>\n<td>Roland Wallbraun<\/td>\n<td>Dominik Weber<\/td>\n<\/tr>\n<tr>\n<td>1994<\/td>\n<td>Otto Kieven<\/td>\n<td>Lars Brammertz<\/td>\n<td>Jens Melssen<\/td>\n<\/tr>\n<tr>\n<td>1995<\/td>\n<td>Horst M\u00fcller<\/td>\n<td>Armin M\u00fcller<\/td>\n<td>Frederik Br\u00fcck<\/td>\n<\/tr>\n<tr>\n<td>1996<\/td>\n<td>Reiner M\u00fcller<\/td>\n<td>Frederik Br\u00fcck<\/td>\n<td>Dominik Br\u00fcck<\/td>\n<\/tr>\n<tr>\n<td>1997<\/td>\n<td>Toni Koch<\/td>\n<td>Marcel T\u00f6nnes<\/td>\n<td>Uli Krull<\/td>\n<\/tr>\n<tr>\n<td>1998<\/td>\n<td>Josef M\u00fcller<\/td>\n<td>Volker M\u00fcller<\/td>\n<td>Uwe Kannebecker<\/td>\n<\/tr>\n<tr>\n<td>1999<\/td>\n<td>Josef Schumacher<\/td>\n<td>Uwe Kannebecker<\/td>\n<td>Sven Offermanns<\/td>\n<\/tr>\n<tr>\n<td>2000<\/td>\n<td>Michael Corsten<\/td>\n<td>Jens Thelen<\/td>\n<td>Marcel Schulte<\/td>\n<\/tr>\n<tr>\n<td>2001<\/td>\n<td>Willi Kuckartz sen.<\/td>\n<td>Willi Kuckartz min.<\/td>\n<td>Mario Koch<\/td>\n<\/tr>\n<tr>\n<td>2002<\/td>\n<td>Josef&nbsp; Stoffels<\/td>\n<td>&nbsp;&#8211;<\/td>\n<td>Marcel Schulte<\/td>\n<\/tr>\n<tr>\n<td>2003<\/td>\n<td>Harald Cremer<\/td>\n<td>&nbsp;&#8211;<\/td>\n<td>Michael Kronen<\/td>\n<\/tr>\n<tr>\n<td>2004<\/td>\n<td>Otto Kieven (Kaiser)<\/td>\n<td>&nbsp;&#8211;<\/td>\n<td>Daniel Schwalbach<\/td>\n<\/tr>\n<tr>\n<td>2005<\/td>\n<td>Willi Kuckartz jun.<\/td>\n<td>&nbsp;&#8211;<\/td>\n<td>Tobias Vo\u00dfen<\/td>\n<\/tr>\n<tr>\n<td>2006<\/td>\n<td>Willi Becker<\/td>\n<td>Simon Orlowski<\/td>\n<td>Fabian Orlowski<\/td>\n<\/tr>\n<tr>\n<td>2007<\/td>\n<td>Armin Vieh\u00f6ver<\/td>\n<td>Tobias Vo\u00dfen<\/td>\n<td>Stephan Vieh\u00f6ver<\/td>\n<\/tr>\n<tr>\n<td>2008<\/td>\n<td>Markus Schulte<\/td>\n<td>Dennis Schulte<\/td>\n<td>Lukas Frauenrath<\/td>\n<\/tr>\n<tr>\n<td>2009<\/td>\n<td>Josef&nbsp; Stoffels<\/td>\n<td>Maximilian Kuhn<\/td>\n<td>Marius P\u00fctz<\/td>\n<\/tr>\n<tr>\n<td>2010<\/td>\n<td>Bernd Koch<\/td>\n<td>Michael Kronen<\/td>\n<td>Florian Bernais<\/td>\n<\/tr>\n<tr>\n<td>2011<\/td>\n<td>Erich Betz<\/td>\n<td>Lukas Frauenrath<\/td>\n<td>Fabian Kuhn<\/td>\n<\/tr>\n<tr>\n<td>2012<\/td>\n<td>Reiner M\u00fcller<\/td>\n<td>Philipp P\u00fctz<\/td>\n<td>Marius P\u00fctz<\/td>\n<\/tr>\n<tr>\n<td>2013<\/td>\n<td>Thomas Gro\u00df<\/td>\n<td>Torsten Biergans<\/td>\n<td>&#8211;<\/td>\n<\/tr>\n<tr>\n<td>2014<\/td>\n<td>Jens Thelen<\/td>\n<td>Marcel Schulte<\/td>\n<td>Michael Kulig<\/td>\n<\/tr>\n<tr>\n<td>2015<\/td>\n<td>Armin Vieh\u00f6ver<\/td>\n<td>Thomas Linden<\/td>\n<td>Jonas&nbsp;Bernais<\/td>\n<\/tr>\n<tr>\n<td>2016<\/td>\n<td>Torsten Biergans<\/td>\n<td>Julian Meisen<\/td>\n<td>&nbsp;&#8211;<\/td>\n<\/tr>\n<tr>\n<td>2017<\/td>\n<td>Michael Kronen<\/td>\n<td>Andreas Linden<\/td>\n<td>&nbsp;&#8211;<\/td>\n<\/tr>\n<tr>\n<td>2018<\/td>\n<td>Gerd Linden<\/td>\n<td>Felix Linden<\/td>\n<td>&nbsp;&#8211;<\/td>\n<\/tr>\n<tr>\n<td>2019<\/td>\n<td>Willi Becker (Kaiser)<\/td>\n<td>Thomas Linden<\/td>\n<td>&nbsp;&#8211;<\/td>\n<\/tr>\n<tr>\n<td>2020<\/td>\n<td>ausgefallen wg. Corona<\/td>\n<td>&#8211;<\/td>\n<td>&nbsp;&#8211;<\/td>\n<\/tr>\n<tr>\n<td>2021<\/td>\n<td>ausgefallen wg. Corona<\/td>\n<td>&#8211;<\/td>\n<td>&nbsp;&#8211;<\/td>\n<\/tr>\n<tr>\n<td>2022<\/td>\n<td>Werner Stockhammer<\/td>\n<td>Dennis Hildebrand<\/td>\n<td>&#8211;<\/td>\n<\/tr>\n<tr>\n<td>2023<\/td>\n<td>Barbara Kuck<\/td>\n<td>Pascal Schmitz<\/td>\n<td>&#8211;<\/td>\n<\/tr>\n<tr>\n<td>2024<\/td>\n<td>Thomas Gro\u00df<\/td>\n<td>Sven Notthoff<\/td>\n<td>&#8211;<\/td>\n<\/tr>\n<tr>\n<td>2025<\/td>\n<td>Sarah Quast<\/td>\n<td>Freya Seebald<\/td>\n<td>&#8211;<\/td>\n<\/tr>\n<\/tbody>\n<\/table>\n<p>&nbsp;<\/p>\n","protected":false},"excerpt":{"rendered":"<p>&nbsp; &nbsp; Jahr Sch\u00fctzenk\u00f6nig Sch\u00fctzenprinz Sch\u00fclerprinz 1819 Wilhelm Stappen &#8211; &#8211; 1824 Johann Adam Torsong &#8211; &#8211; 1827 Johann Wilhelm Stappen &#8211; &#8211; 1828 Hermann Josef Hammer &#8211; &#8211; 1835 Franz Josef Kruth &#8211; &#8211; 1838 Augustin Horr &#8211; &#8211; 1842 Arnold Stappen &#8211; &#8211; 1843 Martin Prinz &#8211; &#8211; 1849 Johann Kayser &#8211; &#8211; 1852 Johann Josef K\u00f6nig &#8211; &#8211; 1853 Heinrich Vaa\u00dfen &#8211; &#8211; 1855 Friedrich Rehfisch &#8211; &#8211; 1856 Hubert Heis &#8211; &#8211; 1857 Christian Josef Bergerhausen&#8230;<\/p>\n<p class=\"read-more\"><a class=\"btn btn-default\" href=\"https:\/\/schuetzen-derichsweiler.de\/?page_id=7\">Weiterlesen<span class=\"screen-reader-text\"> Weiterlesen<\/span><\/a><\/p>\n","protected":false},"author":3,"featured_media":0,"parent":0,"menu_order":2,"comment_status":"closed","ping_status":"closed","template":"","meta":{"ngg_post_thumbnail":0,"footnotes":""},"class_list":["post-7","page","type-page","status-publish","hentry"],"aioseo_notices":[],"_links":{"self":[{"href":"https:\/\/schuetzen-derichsweiler.de\/index.php?rest_route=\/wp\/v2\/pages\/7","targetHints":{"allow":["GET"]}}],"collection":[{"href":"https:\/\/schuetzen-derichsweiler.de\/index.php?rest_route=\/wp\/v2\/pages"}],"about":[{"href":"https:\/\/schuetzen-derichsweiler.de\/index.php?rest_route=\/wp\/v2\/types\/page"}],"author":[{"embeddable":true,"href":"https:\/\/schuetzen-derichsweiler.de\/index.php?rest_route=\/wp\/v2\/users\/3"}],"replies":[{"embeddable":true,"href":"https:\/\/schuetzen-derichsweiler.de\/index.php?rest_route=%2Fwp%2Fv2%2Fcomments&post=7"}],"version-history":[{"count":34,"href":"https:\/\/schuetzen-derichsweiler.de\/index.php?rest_route=\/wp\/v2\/pages\/7\/revisions"}],"predecessor-version":[{"id":2251,"href":"https:\/\/schuetzen-derichsweiler.de\/index.php?rest_route=\/wp\/v2\/pages\/7\/revisions\/2251"}],"wp:attachment":[{"href":"https:\/\/schuetzen-derichsweiler.de\/index.php?rest_route=%2Fwp%2Fv2%2Fmedia&parent=7"}],"curies":[{"name":"wp","href":"https:\/\/api.w.org\/{rel}","templated":true}]}}