{"id":511,"date":"2015-01-28T13:57:07","date_gmt":"2015-01-28T12:57:07","guid":{"rendered":"http:\/\/schuetzen-derichsweiler.de\/?page_id=511"},"modified":"2026-03-27T13:33:12","modified_gmt":"2026-03-27T12:33:12","slug":"vorstand","status":"publish","type":"page","link":"https:\/\/schuetzen-derichsweiler.de\/?page_id=511","title":{"rendered":"Vorstand"},"content":{"rendered":"<h2 style=\"text-align: center;\">Der Vorstand der St. Martinus- Sch\u00fctzenbruderschaft Derichsweiler 1624 e.V.<\/h2>\n<p style=\"text-align: center;\">Der Vorstand hat die Aufgabe, die Geschicke der Sch\u00fctzenbruderschaft w\u00e4hrend des gesamten Jahres zu leiten.<\/p>\n<p style=\"text-align: center;\">Er besteht aus dem Gesch\u00e4ftsf\u00fchrenden und dem erweiterten Vorstand.<\/p>\n<p style=\"text-align: center;\">Die Mitgliederversammlung w\u00e4hlt den Vorstand f\u00fcr die Dauer von 4 Jahren.<\/p>\n<p style=\"text-align: center;\">Ausnahme ist der Gesch\u00e4ftsf\u00fchrende Vorstand, bestehend aus dem<\/p>\n<p style=\"text-align: center;\"><strong> 1. Sch\u00fctzenmeister<\/strong><\/p>\n<p style=\"text-align: center;\"><strong>1. Gesch\u00e4ftsf\u00fchrer<\/strong><\/p>\n<p style=\"text-align: center;\"><strong>1. Kassierer<\/strong><\/p>\n<p style=\"text-align: center;\">dieser wird f\u00fcr die Dauer von 6 Jahren gew\u00e4hlt.<\/p>\n<p>&nbsp;<\/p>\n<p style=\"text-align: center;\"><span style=\"text-decoration: underline;\"><strong>Dem Gesch\u00e4ftsf\u00fchrenden Vorstand geh\u00f6ren an:<\/strong><\/span><\/p>\n<p style=\"text-align: center;\"><strong>1. Sch\u00fctzenmeister: Torsten Biergans<\/strong><\/p>\n<p style=\"text-align: center;\"><strong>1. Gesch\u00e4ftsf\u00fchrer: Armin Vieh\u00f6ver<\/strong><\/p>\n<p style=\"text-align: center;\"><strong>1. Kassierer: Michael Kronen<\/strong><\/p>\n<p>&nbsp;<\/p>\n<p style=\"text-align: center;\"><span style=\"text-decoration: underline;\"><strong>Dem erweiterten Vorstand geh\u00f6ren an:<\/strong><\/span><\/p>\n<p style=\"text-align: center;\">2. Sch\u00fctzenmeister: Jens Thelen<\/p>\n<p style=\"text-align: center;\">2. Gesch\u00e4ftsf\u00fchrerin: Barbara Kuck<\/p>\n<p style=\"text-align: center;\">2. Kassierer: Roswitha Felder<\/p>\n<p style=\"text-align: center;\">Schie\u00dfmeister: Lothar M\u00fcnchow<\/p>\n<p style=\"text-align: center;\">Jungsch\u00fctzenmeister: &#8212;&#8212;&#8212;&#8212;<\/p>\n<p style=\"text-align: center;\">Beisitzer: Markus Schulte<\/p>\n<p style=\"text-align: center;\">Beisitzer: Werner Stockhammer<\/p>\n<p style=\"text-align: center;\">Beisitzer: Willi Haufe<\/p>\n<p style=\"text-align: center;\">Beisitzer: &#8212;&#8211;<\/p>\n<p style=\"text-align: center;\">K\u00f6nigin: Sarah Quast<\/p>\n<p style=\"text-align: center;\">&nbsp;Prinzessin: Freya Seebald<\/p>\n<p>&nbsp;<\/p>\n<p style=\"text-align: center;\">Ehrensch\u00fctzenmeister: Willi Becker<\/p>\n<p style=\"text-align: center;\">Ehrenschie\u00dfmeister: Paul Krull<\/p>\n<p style=\"text-align: center;\">Kommandierender Hauptmann: Marcel Schulte<\/p>\n<p style=\"text-align: center;\">General Feldmarschall: Siegmund Merken<\/p>\n<p style=\"text-align: center;\">Kommandierender General: Roland Kulig<\/p>\n<p style=\"text-align: center;\">General: Reiner M\u00fcller<\/p>\n<p style=\"text-align: center;\">Generalmajor: Josef Schumacher<\/p>\n","protected":false},"excerpt":{"rendered":"<p>Der Vorstand der St. Martinus- Sch\u00fctzenbruderschaft Derichsweiler 1624 e.V. Der Vorstand hat die Aufgabe, die Geschicke der Sch\u00fctzenbruderschaft w\u00e4hrend des gesamten Jahres zu leiten. Er besteht aus dem Gesch\u00e4ftsf\u00fchrenden und dem erweiterten Vorstand. Die Mitgliederversammlung w\u00e4hlt den Vorstand f\u00fcr die Dauer von 4 Jahren. Ausnahme ist der Gesch\u00e4ftsf\u00fchrende Vorstand, bestehend aus dem 1. Sch\u00fctzenmeister 1. Gesch\u00e4ftsf\u00fchrer 1. Kassierer dieser wird f\u00fcr die Dauer von 6 Jahren gew\u00e4hlt. &nbsp; Dem Gesch\u00e4ftsf\u00fchrenden Vorstand geh\u00f6ren an: 1. Sch\u00fctzenmeister: Torsten Biergans 1. Gesch\u00e4ftsf\u00fchrer: Armin&#8230;<\/p>\n<p class=\"read-more\"><a class=\"btn btn-default\" href=\"https:\/\/schuetzen-derichsweiler.de\/?page_id=511\">Weiterlesen<span class=\"screen-reader-text\"> Weiterlesen<\/span><\/a><\/p>\n","protected":false},"author":3,"featured_media":0,"parent":2,"menu_order":0,"comment_status":"closed","ping_status":"closed","template":"","meta":{"ngg_post_thumbnail":0,"footnotes":""},"class_list":["post-511","page","type-page","status-publish","hentry"],"aioseo_notices":[],"_links":{"self":[{"href":"https:\/\/schuetzen-derichsweiler.de\/index.php?rest_route=\/wp\/v2\/pages\/511","targetHints":{"allow":["GET"]}}],"collection":[{"href":"https:\/\/schuetzen-derichsweiler.de\/index.php?rest_route=\/wp\/v2\/pages"}],"about":[{"href":"https:\/\/schuetzen-derichsweiler.de\/index.php?rest_route=\/wp\/v2\/types\/page"}],"author":[{"embeddable":true,"href":"https:\/\/schuetzen-derichsweiler.de\/index.php?rest_route=\/wp\/v2\/users\/3"}],"replies":[{"embeddable":true,"href":"https:\/\/schuetzen-derichsweiler.de\/index.php?rest_route=%2Fwp%2Fv2%2Fcomments&post=511"}],"version-history":[{"count":42,"href":"https:\/\/schuetzen-derichsweiler.de\/index.php?rest_route=\/wp\/v2\/pages\/511\/revisions"}],"predecessor-version":[{"id":2255,"href":"https:\/\/schuetzen-derichsweiler.de\/index.php?rest_route=\/wp\/v2\/pages\/511\/revisions\/2255"}],"up":[{"embeddable":true,"href":"https:\/\/schuetzen-derichsweiler.de\/index.php?rest_route=\/wp\/v2\/pages\/2"}],"wp:attachment":[{"href":"https:\/\/schuetzen-derichsweiler.de\/index.php?rest_route=%2Fwp%2Fv2%2Fmedia&parent=511"}],"curies":[{"name":"wp","href":"https:\/\/api.w.org\/{rel}","templated":true}]}}