{"id":45,"date":"2010-12-13T14:12:09","date_gmt":"2010-12-13T13:12:09","guid":{"rendered":"http:\/\/schuetzen-derichsweiler.de\/?page_id=45"},"modified":"2025-05-16T13:57:22","modified_gmt":"2025-05-16T12:57:22","slug":"bilder-2","status":"publish","type":"page","link":"https:\/\/schuetzen-derichsweiler.de\/?page_id=45","title":{"rendered":"Bilder"},"content":{"rendered":"<p><strong>Jubelsch\u00fctzenfest 2024-Sonntag<\/strong><\/p>\nngg_shortcode_0_placeholder\n<p><strong>Jubelsch\u00fctzenfest 2024-Samstag<\/strong><\/p>\n<p>ngg_shortcode_1_placeholder<strong>Jubelsch\u00fctzenfest 2024-Festkommers<\/strong><\/p>\n<p>ngg_shortcode_2_placeholder<strong>SummerDance 2016<br \/>\nngg_shortcode_3_placeholder<\/strong><\/p>\n<p><strong>Ein paar Bilder von Sch\u00fctzenfest 2015<\/strong><br \/>\n<strong>ngg_shortcode_4_placeholder<\/strong><\/p>\n<p><strong>St\u00e4ndcheng\u00e4nge 2013<\/strong><br \/>\n<strong> ngg_shortcode_5_placeholder<\/strong><\/p>\n<p><strong>Er\u00f6ffnungsball 2013<\/strong><br \/>\n<strong> ngg_shortcode_6_placeholder<\/strong><\/p>\n<p><strong>Festzug 2013<\/strong><br \/>\n<strong> ngg_shortcode_7_placeholder<\/strong><\/p>\n<p><strong>K\u00f6nigsball 2013<\/strong><br \/>\n<strong>ngg_shortcode_8_placeholder<\/strong><\/p>\n","protected":false},"excerpt":{"rendered":"<p>Jubelsch\u00fctzenfest 2024-Sonntag &nbsp; Jubelsch\u00fctzenfest 2024-Samstag Jubelsch\u00fctzenfest 2024-Festkommers SummerDance 2016 Ein paar Bilder von Sch\u00fctzenfest 2015 St\u00e4ndcheng\u00e4nge 2013 Er\u00f6ffnungsball 2013 Festzug 2013 K\u00f6nigsball 2013<\/p>\n","protected":false},"author":3,"featured_media":0,"parent":0,"menu_order":4,"comment_status":"closed","ping_status":"closed","template":"","meta":{"ngg_post_thumbnail":0,"footnotes":""},"class_list":["post-45","page","type-page","status-publish","hentry"],"aioseo_notices":[],"_links":{"self":[{"href":"https:\/\/schuetzen-derichsweiler.de\/index.php?rest_route=\/wp\/v2\/pages\/45","targetHints":{"allow":["GET"]}}],"collection":[{"href":"https:\/\/schuetzen-derichsweiler.de\/index.php?rest_route=\/wp\/v2\/pages"}],"about":[{"href":"https:\/\/schuetzen-derichsweiler.de\/index.php?rest_route=\/wp\/v2\/types\/page"}],"author":[{"embeddable":true,"href":"https:\/\/schuetzen-derichsweiler.de\/index.php?rest_route=\/wp\/v2\/users\/3"}],"replies":[{"embeddable":true,"href":"https:\/\/schuetzen-derichsweiler.de\/index.php?rest_route=%2Fwp%2Fv2%2Fcomments&post=45"}],"version-history":[{"count":21,"href":"https:\/\/schuetzen-derichsweiler.de\/index.php?rest_route=\/wp\/v2\/pages\/45\/revisions"}],"predecessor-version":[{"id":2211,"href":"https:\/\/schuetzen-derichsweiler.de\/index.php?rest_route=\/wp\/v2\/pages\/45\/revisions\/2211"}],"wp:attachment":[{"href":"https:\/\/schuetzen-derichsweiler.de\/index.php?rest_route=%2Fwp%2Fv2%2Fmedia&parent=45"}],"curies":[{"name":"wp","href":"https:\/\/api.w.org\/{rel}","templated":true}]}}