{"id":302,"date":"2013-04-25T15:18:23","date_gmt":"2013-04-25T14:18:23","guid":{"rendered":"http:\/\/schuetzen-derichsweiler.de\/?page_id=302"},"modified":"2026-03-06T13:24:53","modified_gmt":"2026-03-06T12:24:53","slug":"vereinspokalschiesen-gewinner","status":"publish","type":"page","link":"https:\/\/schuetzen-derichsweiler.de\/?page_id=302","title":{"rendered":"Vereinspokalschie\u00dfen"},"content":{"rendered":"<p>Die St. Martinus Sch\u00fctzenbruderschaft veranstaltet j\u00e4hrlich ein Vereinspokalschie\u00dfen in dem, die Dorfvereine (seit 2025 auch andere Manschaften) sich gegenseitig im Schie\u00dfport miteinander messen k\u00f6nnen.<\/p>\n<p>Hier sind die Gewinner des Vereinspokals:<\/p>\n<p>1986 FC Borussia Derichsweiler<br \/>\n1987 KG Blau-Wei\u00dfe Sterne<br \/>\n1988 Tennisclub Derichsweiler<br \/>\n1989 KG Blau-Wei\u00dfe Sterne<br \/>\n1990 Turnverein Derichsweiler<br \/>\n1991 Turnverein Derichsweiler<br \/>\n1992 Turnverein Derichsweiler<br \/>\n1993 Damenschie\u00dfclub Sch\u00fctzen-Derichsweiler<br \/>\n1994 Damenschie\u00dfclub Sch\u00fctzen-Derichsweiler<br \/>\n1995 Damenschie\u00dfclub Sch\u00fctzen-Derichsweiler<br \/>\n1996 KG Blau-Wei\u00dfe Sterne<br \/>\n1997 Kaninchenzuchtverein Derichsweiler<br \/>\n1998 Kaninchenzuchtverein Derichsweiler<br \/>\n1999 Freiwillige Feuerwehr Derichsweiler<br \/>\n2000 Freiwillige Feuerwehr Derichsweiler<br \/>\n2001 KG Blau-Wei\u00dfe Sterne<br \/>\n2002 Bezirksausschuss Derichsweiler<br \/>\n2003 Turnverein Derichsweiler<br \/>\n2004 Bezirksausschuss Derichsweiler<br \/>\n2005 Turnverein Derichsweiler<br \/>\n2006 Turnverein Derichsweiler<br \/>\n2007 Tambourcorps Germania Derichsweiler<br \/>\n2008 Turnverein Derichsweiler<br \/>\n2009 Maigesellschaft Derichsweiler<br \/>\n2010 Maigesellschaft Derichsweiler<br \/>\n2011 Maigesellschaft Derichsweiler<br \/>\n2012 Bezirksausschuss Derichsweiler<br \/>\n2013 Maigesellschaft Derichsweiler<br \/>\n2014 Maigesellschaft Derichsweiler<br \/>\n2015 Maigesellschaft Derichsweiler<br \/>\n2016 Turnverein Derichsweiler<br \/>\n2017 KG Blau-Wei\u00dfe Sterne<br \/>\n2018 KG Blau-Wei\u00dfe Sterne<br \/>\n2019 Damenschie\u00dfclub Sch\u00fctzen-Derichsweiler<\/p>\n<p><strong>2020 und 2021 fand wegen der Corona Pandemie kein Schie\u00dfen statt.<\/strong><\/p>\n<p>2022 KG Blau-Wei\u00dfe Sterne<\/p>\n<p>2023 KG Blau-Wei\u00dfe Sterne<\/p>\n<p>2024 KG Blau-Wei\u00dfe Sterne<\/p>\n<p>2025 KG Blau-Wei\u00dfe Sterne<\/p>\n<p>2026<\/p>\n<p>2027<\/p>\n","protected":false},"excerpt":{"rendered":"<p>Die St. Martinus Sch\u00fctzenbruderschaft veranstaltet j\u00e4hrlich ein Vereinspokalschie\u00dfen in dem, die Dorfvereine (seit 2025 auch andere Manschaften) sich gegenseitig im Schie\u00dfport miteinander messen k\u00f6nnen. Hier sind die Gewinner des Vereinspokals: 1986 FC Borussia Derichsweiler 1987 KG Blau-Wei\u00dfe Sterne 1988 Tennisclub Derichsweiler 1989 KG Blau-Wei\u00dfe Sterne 1990 Turnverein Derichsweiler 1991 Turnverein Derichsweiler 1992 Turnverein Derichsweiler 1993 Damenschie\u00dfclub Sch\u00fctzen-Derichsweiler 1994 Damenschie\u00dfclub Sch\u00fctzen-Derichsweiler 1995 Damenschie\u00dfclub Sch\u00fctzen-Derichsweiler 1996 KG Blau-Wei\u00dfe Sterne 1997 Kaninchenzuchtverein Derichsweiler 1998 Kaninchenzuchtverein Derichsweiler 1999 Freiwillige Feuerwehr Derichsweiler 2000 Freiwillige Feuerwehr&#8230;<\/p>\n<p class=\"read-more\"><a class=\"btn btn-default\" href=\"https:\/\/schuetzen-derichsweiler.de\/?page_id=302\">Weiterlesen<span class=\"screen-reader-text\"> Weiterlesen<\/span><\/a><\/p>\n","protected":false},"author":3,"featured_media":0,"parent":7,"menu_order":0,"comment_status":"closed","ping_status":"closed","template":"","meta":{"ngg_post_thumbnail":0,"footnotes":""},"class_list":["post-302","page","type-page","status-publish","hentry"],"aioseo_notices":[],"_links":{"self":[{"href":"https:\/\/schuetzen-derichsweiler.de\/index.php?rest_route=\/wp\/v2\/pages\/302","targetHints":{"allow":["GET"]}}],"collection":[{"href":"https:\/\/schuetzen-derichsweiler.de\/index.php?rest_route=\/wp\/v2\/pages"}],"about":[{"href":"https:\/\/schuetzen-derichsweiler.de\/index.php?rest_route=\/wp\/v2\/types\/page"}],"author":[{"embeddable":true,"href":"https:\/\/schuetzen-derichsweiler.de\/index.php?rest_route=\/wp\/v2\/users\/3"}],"replies":[{"embeddable":true,"href":"https:\/\/schuetzen-derichsweiler.de\/index.php?rest_route=%2Fwp%2Fv2%2Fcomments&post=302"}],"version-history":[{"count":18,"href":"https:\/\/schuetzen-derichsweiler.de\/index.php?rest_route=\/wp\/v2\/pages\/302\/revisions"}],"predecessor-version":[{"id":2252,"href":"https:\/\/schuetzen-derichsweiler.de\/index.php?rest_route=\/wp\/v2\/pages\/302\/revisions\/2252"}],"up":[{"embeddable":true,"href":"https:\/\/schuetzen-derichsweiler.de\/index.php?rest_route=\/wp\/v2\/pages\/7"}],"wp:attachment":[{"href":"https:\/\/schuetzen-derichsweiler.de\/index.php?rest_route=%2Fwp%2Fv2%2Fmedia&parent=302"}],"curies":[{"name":"wp","href":"https:\/\/api.w.org\/{rel}","templated":true}]}}